{"id":1167,"date":"2025-07-08T06:32:37","date_gmt":"2025-07-08T04:32:37","guid":{"rendered":"https:\/\/pronto-pellets.com\/?post_type=product&#038;p=1167"},"modified":"2025-11-11T10:09:53","modified_gmt":"2025-11-11T09:09:53","slug":"radiatore-elettrico-a-pannello-2000w-mill-con-modulo-wi-fi-integrato-pa2000wifi3","status":"publish","type":"product","link":"https:\/\/pronto-pellets.com\/index.php\/prodotto\/radiatore-elettrico-a-pannello-2000w-mill-con-modulo-wi-fi-integrato-pa2000wifi3\/","title":{"rendered":"RADIATORE ELETTRICO A PANNELLO 2000W MILL CON MODULO WI-FI INTEGRATO PA2000WIFI3"},"content":{"rendered":"<div class=\"o-product-detail-informations__description\">\n<p>Questo riscaldamento a pannelli in acciaio Mill PA2000WIFI3 con modulo WiFi integrato mantiene gli spazi riscaldati fino a un massimo di 30m\u00b2 grazie ai suoi 2000 watt di potenza. L&#8217;app Millnorway ti consente di controllare i tuoi riscaldatori da qualsiasi parte del mondo con il semplice tocco di un pulsante. Basta comunicare all&#8217;app il tuo programma normale e regoler\u00e0 automaticamente la temperatura per te, rendendo la tua vita facile e confortevole.<\/p>\n<p>Generazione 3:<br \/>\nPA2000WIFI3 \u00e8 un modello di terza generazione con molti miglioramenti hardware e software rispetto ai modelli della generazione precedente come:<br \/>\n\u2022 La connessione estremamente semplice con Bluetooth consente di connettersi automaticamente alla rete WiFi, indipendentemente dal tipo di router che possiedi.<br \/>\n\u2022 Il primo ed unico riscaldatore con termostato PID (Proportional Integral Derivative), al raggiungimento della temperatura desiderata la stufa manterr\u00e0 tale temperatura riducendo il livello di potenza. Ci\u00f2 significa un riscaldamento pi\u00f9 stabile con minori fluttuazioni di temperatura.<br \/>\n\u2022 Riscaldamento predittivo \u2013 La stufa riscalda l&#8217;ambiente in modo che la temperatura desiderata venga raggiunta in un momento specifico. Il riscaldatore a pannello dispone di un algoritmo avanzato che gli consente di apprendere quanto velocemente\/lenta la temperatura nella stanza sta salendo\/abbassando. In questo modo, sa quando iniziare a riscaldare per raggiungere la temperatura desiderata all&#8217;ora che hai programmato nell&#8217;app.<\/p>\n<p>WIFI integrato:<br \/>\nIl pannello radiante ha un modulo WiFi integrato. Ci\u00f2 significa che non \u00e8 necessario alcun hub o che il termostato cambia. Il riscaldatore si collega direttamente alla tua rete WiFi. Assicurati che il tuo router WiFi abbia una capacit\u00e0 sufficiente per il numero di dispositivi attivi collegati alla rete domestica.<\/p>\n<p>Le caratteristiche includono:<br \/>\n\u2022 Controlla tutti i tuoi riscaldatori in pi\u00f9 posizioni (casa, garage, casa per le vacanze, ecc.), Tutto all&#8217;interno dell&#8217;app Millheat. Puoi controllare tutti i tuoi riscaldatori tramite lo stesso utente, indipendentemente da dove si trovano i riscaldatori.<br \/>\n\u2022 Impostare programmi settimanali con diversi programmi preprogrammati (Comfort, Sleep e Away)<br \/>\n\u2022 Impostare la temperatura individuale per i 3 diversi programmi in ogni stanza<br \/>\n\u2022 Modificare i programmi impostati per tutta la casa, una stanza specifica o un riscaldamento specifico.<br \/>\n\u2022 Attiva la modalit\u00e0 vacanza per risparmiare energia mentre sei via. L&#8217;app alza automaticamente la temperatura in casa prima che torni a casa.<br \/>\n\u2022 Condividi la tua casa con altri membri della famiglia, semplificando il controllo<\/p>\n<p>Ulteriori informazioni sul prodotto:<br \/>\n\u2013 Il riscaldamento a pannelli pu\u00f2 essere montato solo orizzontalmente. Non gli consigliamo di non appenderlo in alto per efficienza.<br \/>\n\u2013 Mill non ha modelli nella sua gamma che sono montati verticalmente.<br \/>\n\u2013 Sono adatti per l&#8217;installazione in bagno (IPX4).<br \/>\n\u2013 Il riscaldamento a pannello \u00e8 sicuro per i bambini. Il pannello si scalda solo nella parte superiore. Qualcuno di certo non si brucer\u00e0.<br \/>\n\u2013 La temperatura massima della superficie \u00e8 di circa 50 gradi (a seconda del modello)<br \/>\n\u2013 Sono forniti con supporto a parete e viti<br \/>\n\u2013 Puoi anche controllare manualmente i modelli WiFi sul dispositivo stesso (se il WiFi \u00e8 spento)<br \/>\n\u2013 Per una stanza dove, ad esempio, 1200 Watt sono sufficienti, consigliamo un modello 2x da 600 Watt piuttosto che 1 da 1200 Watt. Questo diffonde meglio il calore in tutta la stanza.<br \/>\n\u2013 Il cavo si trova sul lato destro dell&#8217;apparecchio e pu\u00f2 essere instradato tra il supporto a parete e il pannello radiante.<br \/>\n\u2013 La spina ha un angolo di 90 gradi, il dispositivo non pu\u00f2 essere posizionato sopra una presa.<br \/>\n\u2013 C&#8217;\u00e8 una distanza di circa 3 cm tra la parete e il pannello<br \/>\n\u2013 Il pannello radiante deve pendere liberamente: 10 cm sopra e sotto \u2013 5 cm a sinistra ea destra.<\/p>\n<p>Vantaggi:<br \/>\nElemento riscaldante in alluminio \u2013 alta efficienza e bassa temperatura superficiale<br \/>\nOperazioni silenziose<br \/>\nTermostato super accurato \u2013 Registrato digitalmente<br \/>\nFunzionamento facile<br \/>\nFunzione di calibrazione della temperatura<br \/>\nDesign elegante<br \/>\nControllo avanzato del termostato \u2013 App Millheat + WiFi<\/p>\n<p>Specifiche:<br \/>\nPotenza: 2000 W<br \/>\nTermostato: Wi-Fi<br \/>\nAdatto per stanze fino a 30m\u00b2<br \/>\nMateriale frontale: acciaio<br \/>\nContenuto della confezione: 1 pannello riscaldatore, montaggio a parete e viti, manuale di istruzioni<br \/>\nCavo: bianco, lunghezza 130 cm<br \/>\nPosizionamento uscita cavo: lato destro<br \/>\nCollegamento a terra: S\u00ec<br \/>\nPu\u00f2 essere montato solo orizzontalmente<br \/>\nGrado di protezione IP: IPX4 (approvato per l&#8217;uso nella zona bagno 2)<br \/>\nDimensioni del prodotto (L x P x A cm): 106,5 x 10,3 x 40,0 cm<\/p>\n<p>&nbsp;<\/p>\n<\/div>\n<table class=\"o-product-features\" role=\"presentation\" data-cerberus=\"TABLE_AttributesProduct\">\n<caption class=\"kl-hidden-accessibility\">\u00a0<\/caption>\n<tbody>\n<tr class=\"m-product-attr-row\">\n<th class=\"m-product-attr-row__name\" scope=\"row\">Per bagno<\/th>\n<td class=\"m-product-attr-row__value\">No<\/td>\n<\/tr>\n<tr class=\"m-product-attr-row\">\n<th class=\"m-product-attr-row__name\" scope=\"row\">Famiglia colore<\/th>\n<td class=\"m-product-attr-row__value\">Bianco<\/td>\n<\/tr>\n<\/tbody>\n<\/table>\n","protected":false},"excerpt":{"rendered":"<p>Questo riscaldamento a pannelli in acciaio Mill PA2000WIFI3 con modulo WiFi integrato mantiene gli spazi riscaldati fino a un massimo di 30m\u00b2 grazie ai suoi 2000 watt di potenza. L&#8217;app<\/p>\n","protected":false},"featured_media":1203,"comment_status":"open","ping_status":"closed","template":"","meta":[],"product_brand":[],"product_cat":[154],"product_tag":[],"class_list":{"0":"post-1167","1":"product","2":"type-product","3":"status-publish","6":"product_cat-legno-da-fuoco","8":"first","9":"instock","10":"shipping-taxable","11":"purchasable","12":"product-type-simple"},"jetpack_sharing_enabled":true,"_links":{"self":[{"href":"https:\/\/pronto-pellets.com\/index.php\/wp-json\/wp\/v2\/product\/1167","targetHints":{"allow":["GET"]}}],"collection":[{"href":"https:\/\/pronto-pellets.com\/index.php\/wp-json\/wp\/v2\/product"}],"about":[{"href":"https:\/\/pronto-pellets.com\/index.php\/wp-json\/wp\/v2\/types\/product"}],"replies":[{"embeddable":true,"href":"https:\/\/pronto-pellets.com\/index.php\/wp-json\/wp\/v2\/comments?post=1167"}],"wp:featuredmedia":[{"embeddable":true,"href":"https:\/\/pronto-pellets.com\/index.php\/wp-json\/wp\/v2\/media\/1203"}],"wp:attachment":[{"href":"https:\/\/pronto-pellets.com\/index.php\/wp-json\/wp\/v2\/media?parent=1167"}],"wp:term":[{"taxonomy":"product_brand","embeddable":true,"href":"https:\/\/pronto-pellets.com\/index.php\/wp-json\/wp\/v2\/product_brand?post=1167"},{"taxonomy":"product_cat","embeddable":true,"href":"https:\/\/pronto-pellets.com\/index.php\/wp-json\/wp\/v2\/product_cat?post=1167"},{"taxonomy":"product_tag","embeddable":true,"href":"https:\/\/pronto-pellets.com\/index.php\/wp-json\/wp\/v2\/product_tag?post=1167"}],"curies":[{"name":"wp","href":"https:\/\/api.w.org\/{rel}","templated":true}]}}