{"id":1168,"date":"2025-07-08T06:32:37","date_gmt":"2025-07-08T04:32:37","guid":{"rendered":"https:\/\/pronto-pellets.com\/?post_type=product&#038;p=1168"},"modified":"2025-11-11T20:37:34","modified_gmt":"2025-11-11T19:37:34","slug":"beper-ri-503-caminetto-elettrico-da-parete-con-telecomando-effetto-fiamma-con-5-livelli-dintensita-timer-modalita-riscaldante-52x66x15-cm","status":"publish","type":"product","link":"https:\/\/pronto-pellets.com\/index.php\/prodotto\/beper-ri-503-caminetto-elettrico-da-parete-con-telecomando-effetto-fiamma-con-5-livelli-dintensita-timer-modalita-riscaldante-52x66x15-cm\/","title":{"rendered":"BEPER RI.503: Caminetto Elettrico da Parete, con Telecomando, Effetto Fiamma con 5 Livelli d\u2019Intensit\u00e0, Timer, Modalit\u00e0 Riscaldante, 52x66x15 cm"},"content":{"rendered":"<div class=\"o-product-detail-informations__description\">\n<p><span dir=\"auto\" style=\"vertical-align: inherit;\"><span dir=\"auto\" style=\"vertical-align: inherit;\"><span dir=\"auto\" style=\"vertical-align: inherit;\"><span dir=\"auto\" style=\"vertical-align: inherit;\">FONCTIONNEL : La chemin\u00e9e est \u00e9quip\u00e9e d&#8217;un affichage num\u00e9rique indiquant tous les r\u00e9glages s\u00e9lectionn\u00e9s. Elle peut \u00eatre activ\u00e9e et contr\u00f4l\u00e9e via le panneau de commande situ\u00e9 sous l&#8217;appareil ou via la t\u00e9l\u00e9commande. FLAMME LED : Ce po\u00eale \u00e9lectrique vous permet de cr\u00e9er l&#8217;ambiance id\u00e9ale tout au long de la saison. Gr\u00e2ce \u00e0 leur design moderne, leur format compact et leur possibilit\u00e9 de fixation murale, ils s&#8217;harmonisent avec tous les styles de d\u00e9coration, optimisant l&#8217;espace et garantissant une atmosph\u00e8re chaleureuse et constante. La flamme LED cr\u00e9e une ambiance agr\u00e9able avec 5 niveaux d&#8217;intensit\u00e9. MINUTES HEBDOMADAIRES : Programmez la chemin\u00e9e en r\u00e9glant la date, l&#8217;heure et le jour de la semaine, puis r\u00e9glez les minutes hebdomadaires. Vous pouvez \u00e9galement choisir le jour, l&#8217;heure et la minute d&#8217;allumage ou d&#8217;extinction. D\u00c9TECTEUR DE FEN\u00caTRE : Le po\u00eale est \u00e9quip\u00e9 d&#8217;un syst\u00e8me d&#8217;arr\u00eat automatique en cas de baisse de temp\u00e9rature ambiante. Si la temp\u00e9rature de la pi\u00e8ce chute rapidement de 5 \u00e0 10 \u00b0C, le po\u00eale s&#8217;\u00e9teint automatiquement. CHAUFFAGE S\u00c9CURIS\u00c9\u00a0: Gr\u00e2ce \u00e0 ses deux niveaux de puissance (\u00e9lev\u00e9 et faible), vous pouvez activer la fonction de chauffage et ajuster la temp\u00e9rature pour un confort optimal. En cas de surchauffe, l\u2019appareil s\u2019arr\u00eate automatiquement pour votre s\u00e9curit\u00e9 et celle de votre famille.<\/span><\/span><\/span><\/span><\/p>\n<\/div>\n<table class=\"o-product-features\" role=\"presentation\" data-cerberus=\"TABLE_AttributesProduct\">\n<caption class=\"kl-hidden-accessibility\">\u00a0<\/caption>\n<tbody>\n<tr class=\"m-product-attr-row\">\n<th class=\"m-product-attr-row__name\" scope=\"row\"><span dir=\"auto\" style=\"vertical-align: inherit;\"><span dir=\"auto\" style=\"vertical-align: inherit;\"><span dir=\"auto\" style=\"vertical-align: inherit;\"><span dir=\"auto\" style=\"vertical-align: inherit;\">Famille de couleurs<\/span><\/span><\/span><\/span><\/th>\n<td class=\"m-product-attr-row__value\"><span dir=\"auto\" style=\"vertical-align: inherit;\"><span dir=\"auto\" style=\"vertical-align: inherit;\"><span dir=\"auto\" style=\"vertical-align: inherit;\"><span dir=\"auto\" style=\"vertical-align: inherit;\">Noir<\/span><\/span><\/span><\/span><\/td>\n<\/tr>\n<tr class=\"m-product-attr-row\">\n<th class=\"m-product-attr-row__name\" scope=\"row\"><span dir=\"auto\" style=\"vertical-align: inherit;\"><span dir=\"auto\" style=\"vertical-align: inherit;\"><span dir=\"auto\" style=\"vertical-align: inherit;\"><span dir=\"auto\" style=\"vertical-align: inherit;\">Programmation int\u00e9gr\u00e9e<\/span><\/span><\/span><\/span><\/th>\n<td class=\"m-product-attr-row__value\"><span dir=\"auto\" style=\"vertical-align: inherit;\"><span dir=\"auto\" style=\"vertical-align: inherit;\"><span dir=\"auto\" style=\"vertical-align: inherit;\"><span dir=\"auto\" style=\"vertical-align: inherit;\">Pr\u00e9programm\u00e9<\/span><\/span><\/span><\/span><\/td>\n<\/tr>\n<tr class=\"m-product-attr-row\">\n<th class=\"m-product-attr-row__name\" scope=\"row\"><span dir=\"auto\" style=\"vertical-align: inherit;\"><span dir=\"auto\" style=\"vertical-align: inherit;\"><span dir=\"auto\" style=\"vertical-align: inherit;\"><span dir=\"auto\" style=\"vertical-align: inherit;\">T\u00e9l\u00e9commande<\/span><\/span><\/span><\/span><\/th>\n<td class=\"m-product-attr-row__value\"><span dir=\"auto\" style=\"vertical-align: inherit;\"><span dir=\"auto\" style=\"vertical-align: inherit;\"><span dir=\"auto\" style=\"vertical-align: inherit;\"><span dir=\"auto\" style=\"vertical-align: inherit;\">Oui<\/span><\/span><\/span><\/span><\/td>\n<\/tr>\n<tr class=\"m-product-attr-row\">\n<th class=\"m-product-attr-row__name\" scope=\"row\"><span dir=\"auto\" style=\"vertical-align: inherit;\"><span dir=\"auto\" style=\"vertical-align: inherit;\"><span dir=\"auto\" style=\"vertical-align: inherit;\"><span dir=\"auto\" style=\"vertical-align: inherit;\">Affichage num\u00e9rique<\/span><\/span><\/span><\/span><\/th>\n<td class=\"m-product-attr-row__value\"><span dir=\"auto\" style=\"vertical-align: inherit;\"><span dir=\"auto\" style=\"vertical-align: inherit;\"><span dir=\"auto\" style=\"vertical-align: inherit;\"><span dir=\"auto\" style=\"vertical-align: inherit;\">Pas<\/span><\/span><\/span><\/span><\/td>\n<\/tr>\n<\/tbody>\n<\/table>\n","protected":false},"excerpt":{"rendered":"<p>FONCTIONNEL : La chemin\u00e9e est \u00e9quip\u00e9e d&#8217;un affichage num\u00e9rique indiquant tous les r\u00e9glages s\u00e9lectionn\u00e9s. Elle peut \u00eatre activ\u00e9e et contr\u00f4l\u00e9e via le panneau de commande situ\u00e9 sous l&#8217;appareil ou via<\/p>\n","protected":false},"featured_media":1208,"comment_status":"open","ping_status":"closed","template":"","meta":[],"product_brand":[],"product_cat":[154],"product_tag":[],"class_list":{"0":"post-1168","1":"product","2":"type-product","3":"status-publish","6":"product_cat-legno-da-fuoco","8":"first","9":"instock","10":"shipping-taxable","11":"purchasable","12":"product-type-simple"},"jetpack_sharing_enabled":true,"_links":{"self":[{"href":"https:\/\/pronto-pellets.com\/index.php\/wp-json\/wp\/v2\/product\/1168","targetHints":{"allow":["GET"]}}],"collection":[{"href":"https:\/\/pronto-pellets.com\/index.php\/wp-json\/wp\/v2\/product"}],"about":[{"href":"https:\/\/pronto-pellets.com\/index.php\/wp-json\/wp\/v2\/types\/product"}],"replies":[{"embeddable":true,"href":"https:\/\/pronto-pellets.com\/index.php\/wp-json\/wp\/v2\/comments?post=1168"}],"wp:featuredmedia":[{"embeddable":true,"href":"https:\/\/pronto-pellets.com\/index.php\/wp-json\/wp\/v2\/media\/1208"}],"wp:attachment":[{"href":"https:\/\/pronto-pellets.com\/index.php\/wp-json\/wp\/v2\/media?parent=1168"}],"wp:term":[{"taxonomy":"product_brand","embeddable":true,"href":"https:\/\/pronto-pellets.com\/index.php\/wp-json\/wp\/v2\/product_brand?post=1168"},{"taxonomy":"product_cat","embeddable":true,"href":"https:\/\/pronto-pellets.com\/index.php\/wp-json\/wp\/v2\/product_cat?post=1168"},{"taxonomy":"product_tag","embeddable":true,"href":"https:\/\/pronto-pellets.com\/index.php\/wp-json\/wp\/v2\/product_tag?post=1168"}],"curies":[{"name":"wp","href":"https:\/\/api.w.org\/{rel}","templated":true}]}}