{"id":1169,"date":"2025-07-08T06:32:37","date_gmt":"2025-07-08T04:32:37","guid":{"rendered":"https:\/\/pronto-pellets.com\/?post_type=product&#038;p=1169"},"modified":"2025-11-11T20:40:21","modified_gmt":"2025-11-11T19:40:21","slug":"termoconvettore-elettrico-mpc-alacant-2200w-telecomando-incluso-riscaldamento-efficiente-installazione-versatile-pavimento-parete-battiscopa","status":"publish","type":"product","link":"https:\/\/pronto-pellets.com\/index.php\/prodotto\/termoconvettore-elettrico-mpc-alacant-2200w-telecomando-incluso-riscaldamento-efficiente-installazione-versatile-pavimento-parete-battiscopa\/","title":{"rendered":"Termoconvettore Elettrico MPC Alacant-2200W, telecomando incluso. Riscaldamento efficiente, installazione versatile (pavimento\/parete\/battiscopa)"},"content":{"rendered":"<table class=\"o-product-features\" role=\"presentation\" data-cerberus=\"TABLE_AttributesProduct\">\n<caption class=\"kl-hidden-accessibility\">\u00a0<\/caption>\n<tbody>\n<tr class=\"m-product-attr-row\">\n<th class=\"m-product-attr-row__name\" scope=\"row\"><span dir=\"auto\" style=\"vertical-align: inherit;\"><span dir=\"auto\" style=\"vertical-align: inherit;\">Destination<\/span><\/span><\/th>\n<td class=\"m-product-attr-row__value\"><span dir=\"auto\" style=\"vertical-align: inherit;\"><span dir=\"auto\" style=\"vertical-align: inherit;\">Rester<\/span><\/span><\/td>\n<\/tr>\n<tr class=\"m-product-attr-row\">\n<th class=\"m-product-attr-row__name\" scope=\"row\"><span dir=\"auto\" style=\"vertical-align: inherit;\"><span dir=\"auto\" style=\"vertical-align: inherit;\">Famille de couleurs<\/span><\/span><\/th>\n<td class=\"m-product-attr-row__value\"><span dir=\"auto\" style=\"vertical-align: inherit;\"><span dir=\"auto\" style=\"vertical-align: inherit;\">Blanc<\/span><\/span><\/td>\n<\/tr>\n<tr class=\"m-product-attr-row\">\n<th class=\"m-product-attr-row__name\" scope=\"row\"><span dir=\"auto\" style=\"vertical-align: inherit;\"><span dir=\"auto\" style=\"vertical-align: inherit;\">Garantie du produit (pour publication &#8211; en ann\u00e9es)<\/span><\/span><\/th>\n<td class=\"m-product-attr-row__value\"><span dir=\"auto\" style=\"vertical-align: inherit;\"><span dir=\"auto\" style=\"vertical-align: inherit;\">3<\/span><\/span><\/td>\n<\/tr>\n<tr class=\"m-product-attr-row\">\n<th class=\"m-product-attr-row__name\" scope=\"row\"><span dir=\"auto\" style=\"vertical-align: inherit;\"><span dir=\"auto\" style=\"vertical-align: inherit;\">Largeur (en cm)<\/span><\/span><\/th>\n<td class=\"m-product-attr-row__value\"><span dir=\"auto\" style=\"vertical-align: inherit;\"><span dir=\"auto\" style=\"vertical-align: inherit;\">140<\/span><\/span><\/td>\n<\/tr>\n<tr class=\"m-product-attr-row\">\n<th class=\"m-product-attr-row__name\" scope=\"row\"><span dir=\"auto\" style=\"vertical-align: inherit;\"><span dir=\"auto\" style=\"vertical-align: inherit;\">Hauteur (en cm)<\/span><\/span><\/th>\n<td class=\"m-product-attr-row__value\"><span dir=\"auto\" style=\"vertical-align: inherit;\"><span dir=\"auto\" style=\"vertical-align: inherit;\">24<\/span><\/span><\/td>\n<\/tr>\n<tr class=\"m-product-attr-row\">\n<th class=\"m-product-attr-row__name\" scope=\"row\"><span dir=\"auto\" style=\"vertical-align: inherit;\"><span dir=\"auto\" style=\"vertical-align: inherit;\">Profondeur (en cm)<\/span><\/span><\/th>\n<td class=\"m-product-attr-row__value\"><span dir=\"auto\" style=\"vertical-align: inherit;\"><span dir=\"auto\" style=\"vertical-align: inherit;\">12,5<\/span><\/span><\/td>\n<\/tr>\n<tr class=\"m-product-attr-row\">\n<th class=\"m-product-attr-row__name\" scope=\"row\"><span dir=\"auto\" style=\"vertical-align: inherit;\"><span dir=\"auto\" style=\"vertical-align: inherit;\">Programmation int\u00e9gr\u00e9e<\/span><\/span><\/th>\n<td class=\"m-product-attr-row__value\"><span dir=\"auto\" style=\"vertical-align: inherit;\"><span dir=\"auto\" style=\"vertical-align: inherit;\">Non<\/span><\/span><\/td>\n<\/tr>\n<tr class=\"m-product-attr-row\">\n<th class=\"m-product-attr-row__name\" scope=\"row\"><span dir=\"auto\" style=\"vertical-align: inherit;\"><span dir=\"auto\" style=\"vertical-align: inherit;\">T\u00e9l\u00e9commande<\/span><\/span><\/th>\n<td class=\"m-product-attr-row__value\"><span dir=\"auto\" style=\"vertical-align: inherit;\"><span dir=\"auto\" style=\"vertical-align: inherit;\">Oui<\/span><\/span><\/td>\n<\/tr>\n<tr class=\"m-product-attr-row\">\n<th class=\"m-product-attr-row__name\" scope=\"row\"><span dir=\"auto\" style=\"vertical-align: inherit;\"><span dir=\"auto\" style=\"vertical-align: inherit;\">Minuteur<\/span><\/span><\/th>\n<td class=\"m-product-attr-row__value\"><span dir=\"auto\" style=\"vertical-align: inherit;\"><span dir=\"auto\" style=\"vertical-align: inherit;\">Oui<\/span><\/span><\/td>\n<\/tr>\n<tr class=\"m-product-attr-row\">\n<th class=\"m-product-attr-row__name\" scope=\"row\"><span dir=\"auto\" style=\"vertical-align: inherit;\"><span dir=\"auto\" style=\"vertical-align: inherit;\">Affichage num\u00e9rique<\/span><\/span><\/th>\n<td class=\"m-product-attr-row__value\"><span dir=\"auto\" style=\"vertical-align: inherit;\"><span dir=\"auto\" style=\"vertical-align: inherit;\">Oui<\/span><\/span><\/td>\n<\/tr>\n<tr class=\"m-product-attr-row\">\n<th class=\"m-product-attr-row__name\" scope=\"row\"><span dir=\"auto\" style=\"vertical-align: inherit;\"><span dir=\"auto\" style=\"vertical-align: inherit;\">Roues<\/span><\/span><\/th>\n<td class=\"m-product-attr-row__value\"><span dir=\"auto\" style=\"vertical-align: inherit;\"><span dir=\"auto\" style=\"vertical-align: inherit;\">Non<\/span><\/span><\/td>\n<\/tr>\n<tr class=\"m-product-attr-row\">\n<th class=\"m-product-attr-row__name\" scope=\"row\"><span dir=\"auto\" style=\"vertical-align: inherit;\"><span dir=\"auto\" style=\"vertical-align: inherit;\">Sp\u00e9cifications du produit<\/span><\/span><\/th>\n<td class=\"m-product-attr-row__value\"><span dir=\"auto\" style=\"vertical-align: inherit;\"><span dir=\"auto\" style=\"vertical-align: inherit;\">Produit sans caract\u00e9ristiques sp\u00e9cifiques<\/span><\/span><\/td>\n<\/tr>\n<\/tbody>\n<\/table>\n","protected":false},"excerpt":{"rendered":"<p>\u00a0 Destination Rester Famille de couleurs Blanc Garantie du produit (pour publication &#8211; en ann\u00e9es) 3 Largeur (en cm) 140 Hauteur (en cm) 24 Profondeur (en cm) 12,5 Programmation int\u00e9gr\u00e9e<\/p>\n","protected":false},"featured_media":1214,"comment_status":"open","ping_status":"closed","template":"","meta":[],"product_brand":[],"product_cat":[154],"product_tag":[],"class_list":{"0":"post-1169","1":"product","2":"type-product","3":"status-publish","6":"product_cat-legno-da-fuoco","8":"first","9":"instock","10":"shipping-taxable","11":"purchasable","12":"product-type-simple"},"jetpack_sharing_enabled":true,"_links":{"self":[{"href":"https:\/\/pronto-pellets.com\/index.php\/wp-json\/wp\/v2\/product\/1169","targetHints":{"allow":["GET"]}}],"collection":[{"href":"https:\/\/pronto-pellets.com\/index.php\/wp-json\/wp\/v2\/product"}],"about":[{"href":"https:\/\/pronto-pellets.com\/index.php\/wp-json\/wp\/v2\/types\/product"}],"replies":[{"embeddable":true,"href":"https:\/\/pronto-pellets.com\/index.php\/wp-json\/wp\/v2\/comments?post=1169"}],"wp:featuredmedia":[{"embeddable":true,"href":"https:\/\/pronto-pellets.com\/index.php\/wp-json\/wp\/v2\/media\/1214"}],"wp:attachment":[{"href":"https:\/\/pronto-pellets.com\/index.php\/wp-json\/wp\/v2\/media?parent=1169"}],"wp:term":[{"taxonomy":"product_brand","embeddable":true,"href":"https:\/\/pronto-pellets.com\/index.php\/wp-json\/wp\/v2\/product_brand?post=1169"},{"taxonomy":"product_cat","embeddable":true,"href":"https:\/\/pronto-pellets.com\/index.php\/wp-json\/wp\/v2\/product_cat?post=1169"},{"taxonomy":"product_tag","embeddable":true,"href":"https:\/\/pronto-pellets.com\/index.php\/wp-json\/wp\/v2\/product_tag?post=1169"}],"curies":[{"name":"wp","href":"https:\/\/api.w.org\/{rel}","templated":true}]}}