{"id":1177,"date":"2025-07-08T06:32:37","date_gmt":"2025-07-08T04:32:37","guid":{"rendered":"https:\/\/pronto-pellets.com\/?post_type=product&#038;p=1177"},"modified":"2025-11-11T20:39:39","modified_gmt":"2025-11-11T19:39:39","slug":"riscaldatore-elettrico-da-esterno-a-raggi-infrarossi-su-piantana-ad-arco","status":"publish","type":"product","link":"https:\/\/pronto-pellets.com\/index.php\/prodotto\/riscaldatore-elettrico-da-esterno-a-raggi-infrarossi-su-piantana-ad-arco\/","title":{"rendered":"RISCALDATORE ELETTRICO DA ESTERNO A RAGGI INFRAROSSI &#8211; SU PIANTANA AD ARCO"},"content":{"rendered":"<div class=\"o-product-detail-informations__description\">\n<p><span dir=\"auto\" style=\"vertical-align: inherit;\"><span dir=\"auto\" style=\"vertical-align: inherit;\">Lampe chauffante infrarouge \u00e9lectrique. Adapt\u00e9e \u00e0 une utilisation int\u00e9rieure et ext\u00e9rieure, indice de protection IPX4. Trois niveaux de puissance\u00a0: 800\u00a0W, 1\u00a0200\u00a0W et 2\u00a0000\u00a0W. Protection contre la surchauffe et arr\u00eat automatique en cas de chute accidentelle. Structure en acier peint en noir et t\u00eate orientable. R\u00e9sistante aux intemp\u00e9ries.<\/span><\/span><\/p>\n<\/div>\n<table class=\"o-product-features\" role=\"presentation\" data-cerberus=\"TABLE_AttributesProduct\">\n<caption class=\"kl-hidden-accessibility\">\u00a0<\/caption>\n<tbody>\n<tr class=\"m-product-attr-row\">\n<th class=\"m-product-attr-row__name\" scope=\"row\"><span dir=\"auto\" style=\"vertical-align: inherit;\"><span dir=\"auto\" style=\"vertical-align: inherit;\">Famille de couleurs<\/span><\/span><\/th>\n<td class=\"m-product-attr-row__value\"><span dir=\"auto\" style=\"vertical-align: inherit;\"><span dir=\"auto\" style=\"vertical-align: inherit;\">Noir<\/span><\/span><\/td>\n<\/tr>\n<tr class=\"m-product-attr-row\">\n<th class=\"m-product-attr-row__name\" scope=\"row\"><span dir=\"auto\" style=\"vertical-align: inherit;\"><span dir=\"auto\" style=\"vertical-align: inherit;\">T\u00e9l\u00e9commande<\/span><\/span><\/th>\n<td class=\"m-product-attr-row__value\"><span dir=\"auto\" style=\"vertical-align: inherit;\"><span dir=\"auto\" style=\"vertical-align: inherit;\">Non<\/span><\/span><\/td>\n<\/tr>\n<tr class=\"m-product-attr-row\">\n<th class=\"m-product-attr-row__name\" scope=\"row\"><span dir=\"auto\" style=\"vertical-align: inherit;\"><span dir=\"auto\" style=\"vertical-align: inherit;\">Roues<\/span><\/span><\/th>\n<td class=\"m-product-attr-row__value\"><span dir=\"auto\" style=\"vertical-align: inherit;\"><span dir=\"auto\" style=\"vertical-align: inherit;\">Non<\/span><\/span><\/td>\n<\/tr>\n<\/tbody>\n<\/table>\n","protected":false},"excerpt":{"rendered":"<p>Lampe chauffante infrarouge \u00e9lectrique. Adapt\u00e9e \u00e0 une utilisation int\u00e9rieure et ext\u00e9rieure, indice de protection IPX4. Trois niveaux de puissance\u00a0: 800\u00a0W, 1\u00a0200\u00a0W et 2\u00a0000\u00a0W. Protection contre la surchauffe et arr\u00eat automatique<\/p>\n","protected":false},"featured_media":1248,"comment_status":"open","ping_status":"closed","template":"","meta":[],"product_brand":[],"product_cat":[154],"product_tag":[],"class_list":{"0":"post-1177","1":"product","2":"type-product","3":"status-publish","6":"product_cat-legno-da-fuoco","8":"first","9":"instock","10":"shipping-taxable","11":"purchasable","12":"product-type-simple"},"jetpack_sharing_enabled":true,"_links":{"self":[{"href":"https:\/\/pronto-pellets.com\/index.php\/wp-json\/wp\/v2\/product\/1177","targetHints":{"allow":["GET"]}}],"collection":[{"href":"https:\/\/pronto-pellets.com\/index.php\/wp-json\/wp\/v2\/product"}],"about":[{"href":"https:\/\/pronto-pellets.com\/index.php\/wp-json\/wp\/v2\/types\/product"}],"replies":[{"embeddable":true,"href":"https:\/\/pronto-pellets.com\/index.php\/wp-json\/wp\/v2\/comments?post=1177"}],"wp:featuredmedia":[{"embeddable":true,"href":"https:\/\/pronto-pellets.com\/index.php\/wp-json\/wp\/v2\/media\/1248"}],"wp:attachment":[{"href":"https:\/\/pronto-pellets.com\/index.php\/wp-json\/wp\/v2\/media?parent=1177"}],"wp:term":[{"taxonomy":"product_brand","embeddable":true,"href":"https:\/\/pronto-pellets.com\/index.php\/wp-json\/wp\/v2\/product_brand?post=1177"},{"taxonomy":"product_cat","embeddable":true,"href":"https:\/\/pronto-pellets.com\/index.php\/wp-json\/wp\/v2\/product_cat?post=1177"},{"taxonomy":"product_tag","embeddable":true,"href":"https:\/\/pronto-pellets.com\/index.php\/wp-json\/wp\/v2\/product_tag?post=1177"}],"curies":[{"name":"wp","href":"https:\/\/api.w.org\/{rel}","templated":true}]}}