{"id":800,"date":"2025-07-08T06:30:16","date_gmt":"2025-07-08T04:30:16","guid":{"rendered":"https:\/\/pronto-pellets.com\/?post_type=product&#038;p=800"},"modified":"2025-07-08T06:30:21","modified_gmt":"2025-07-08T04:30:21","slug":"tronchi-di-quercia-verde-40-cm-tf940b","status":"publish","type":"product","link":"https:\/\/pronto-pellets.com\/index.php\/prodotto\/tronchi-di-quercia-verde-40-cm-tf940b\/","title":{"rendered":"Tronchi di quercia verde-40 cm TF940B"},"content":{"rendered":"<p>Specie: quercia verde<br \/>\nOrigine: 100% legno Garrigue Gardoise<br \/>\nLunghezza: 35-45 cm<br \/>\nQuantit\u00e0: 1.37 m3 (1.50 st\u00e8res)<br \/>\nUnit\u00e0 di vendita: da big bag<\/p>\n","protected":false},"excerpt":{"rendered":"<p>Specie: quercia verde Origine: 100% legno Garrigue Gardoise Lunghezza: 35-45 cm Quantit\u00e0: 1.37 m3 (1.50 st\u00e8res) Unit\u00e0 di vendita: da big bag<\/p>\n","protected":false},"featured_media":833,"comment_status":"open","ping_status":"closed","template":"","meta":[],"product_brand":[],"product_cat":[154],"product_tag":[],"class_list":{"0":"post-800","1":"product","2":"type-product","3":"status-publish","6":"product_cat-legno-da-fuoco","8":"first","9":"instock","10":"sale","11":"shipping-taxable","12":"purchasable","13":"product-type-simple"},"jetpack_sharing_enabled":true,"_links":{"self":[{"href":"https:\/\/pronto-pellets.com\/index.php\/wp-json\/wp\/v2\/product\/800","targetHints":{"allow":["GET"]}}],"collection":[{"href":"https:\/\/pronto-pellets.com\/index.php\/wp-json\/wp\/v2\/product"}],"about":[{"href":"https:\/\/pronto-pellets.com\/index.php\/wp-json\/wp\/v2\/types\/product"}],"replies":[{"embeddable":true,"href":"https:\/\/pronto-pellets.com\/index.php\/wp-json\/wp\/v2\/comments?post=800"}],"wp:featuredmedia":[{"embeddable":true,"href":"https:\/\/pronto-pellets.com\/index.php\/wp-json\/wp\/v2\/media\/833"}],"wp:attachment":[{"href":"https:\/\/pronto-pellets.com\/index.php\/wp-json\/wp\/v2\/media?parent=800"}],"wp:term":[{"taxonomy":"product_brand","embeddable":true,"href":"https:\/\/pronto-pellets.com\/index.php\/wp-json\/wp\/v2\/product_brand?post=800"},{"taxonomy":"product_cat","embeddable":true,"href":"https:\/\/pronto-pellets.com\/index.php\/wp-json\/wp\/v2\/product_cat?post=800"},{"taxonomy":"product_tag","embeddable":true,"href":"https:\/\/pronto-pellets.com\/index.php\/wp-json\/wp\/v2\/product_tag?post=800"}],"curies":[{"name":"wp","href":"https:\/\/api.w.org\/{rel}","templated":true}]}}