{"id":818,"date":"2025-07-08T06:30:17","date_gmt":"2025-07-08T04:30:17","guid":{"rendered":"https:\/\/pronto-pellets.com\/?post_type=product&#038;p=818"},"modified":"2025-07-08T06:30:32","modified_gmt":"2025-07-08T04:30:32","slug":"pellet-van-roje-pallet-da-65-sacchi-da-15-kg-blm32823","status":"publish","type":"product","link":"https:\/\/pronto-pellets.com\/index.php\/prodotto\/pellet-van-roje-pallet-da-65-sacchi-da-15-kg-blm32823\/","title":{"rendered":"Pellet Van Roje \u2013 Pallet da 65 sacchi da 15 kg BLM32823"},"content":{"rendered":"<p><span>Pellet di legno VANROJE prodotto in una segheria ecologica situata in Germania. Il nostro pellet HIGH-END con alto potere calorifico e bassissimi livelli di ceneri, polvere e umidit\u00e0. Questo pellet \u00e8 il nostro orgoglio da oltre 10 anni! La sua qualit\u00e0 va ben oltre gli standard DIN Plus e EN Plus A1. Il suo legno proviene da foreste gestite in modo sostenibile, \u00e8 PEFC.<\/span><\/p>\n<div id=\"tab-description\" class=\"woocommerce-Tabs-panel woocommerce-Tabs-panel--description panel entry-content wc-tab\" role=\"tabpanel\" aria-labelledby=\"tab-title-description\">\n<p><span>I pellet VanRoje sono i nostri pellet di legno pi\u00f9 pregiati.<\/span><\/p>\n<p><span>I pellet di legno VANROJE superano i requisiti degli standard DIN Plus e EN Plus, \u00e8 anche certificato PEFC (gestione forestale sostenibile).<\/span><\/p>\n<p><span>Il suo potere calorifico \u00e8 del 7% superiore allo standard DIN Plus.<\/span><\/p>\n<p><span>Ti garantisce il 44% in meno di ceneri e il 77% in meno di polveri rispetto ad un pellet standard.<\/span><\/p>\n<p><span>100% resinoso, senza additivi e CO2 neutro, questo pellet di legno \u00e8 ideale per la vostra stufa o caldaia.<\/span><\/p>\n<p><span>Fornisce un rapido aumento della temperatura, mantiene il calore costante, consumerai meno pellet rispetto ad un&#8217;altra marca.<\/span><\/p>\n<p><span>Un pellet tedesco di alta qualit\u00e0!<\/span><\/p>\n<p><span>Hai scelto di installare un impianto di riscaldamento a pellet e hai fatto bene!! oltre ad essere un riscaldatore ad energia rinnovabile, \u00e8 anche economico.<\/span><\/p>\n<p><span>Con il pellet VANROJE beneficerai di un rapido aumento della temperatura e grazie al suo basso livello di polvere e cenere, dovrai solo beneficiare del suo calore senza doverlo pulire ogni giorno.<\/span><\/p>\n<div class=\"product-reference\"><label class=\"label\"><span>Riferimento<\/span><\/label><span>\u00a0PELLET_PALETTES_VANROJE<\/span><\/div>\n<dl class=\"data-sheet\">\n<dt class=\"name\"><span>Composizione<\/span><\/dt>\n<dd class=\"value\"><span>100% resinoso<\/span><\/dd>\n<dt class=\"name\"><span>Certificati<\/span><\/dt>\n<dd class=\"value\"><span>DIN Plus, EN Plus A1, PEFC<\/span><\/dd>\n<dt class=\"name\"><span>Potere Calorifico<\/span><\/dt>\n<dd class=\"value\"><span>Maggiore di 4,9 kWh\/kg<\/span><\/dd>\n<dt class=\"name\"><span>Livello Di Umidit\u00e0<\/span><\/dt>\n<dd class=\"value\"><span>Meno del 7,8%<\/span><\/dd>\n<dt class=\"name\"><span>Tasso Di Cenere<\/span><\/dt>\n<dd class=\"value\"><span>Meno dello 0,39%<\/span><\/dd>\n<dt class=\"name\"><span>Tasso Di Polvere<\/span><\/dt>\n<dd class=\"value\"><span>Meno dello 0,23%<\/span><\/dd>\n<dt class=\"name\"><span>Diametro<\/span><\/dt>\n<dd class=\"value\"><span>6 mm<\/span><\/dd>\n<dt class=\"name\"><span>Condizionata<\/span><\/dt>\n<dd class=\"value\"><span>Tavolozza<\/span><\/dd>\n<dt class=\"name\"><span>Origine<\/span><\/dt>\n<dd class=\"value\"><span>Germania<\/span><\/dd>\n<\/dl>\n<\/div>\n","protected":false},"excerpt":{"rendered":"<p>100% resinoso, senza additivi e CO2 neutro, questo pellet di legno \u00e8 ideale per la vostra stufa o caldaia.<\/p>\n<p>Fornisce un rapido aumento della temperatura, mantiene il calore costante, consumerai meno pellet rispetto ad un&#8217;altra marca.<\/p>\n","protected":false},"featured_media":856,"comment_status":"open","ping_status":"closed","template":"","meta":[],"product_brand":[],"product_cat":[156],"product_tag":[],"class_list":{"0":"post-818","1":"product","2":"type-product","3":"status-publish","6":"product_cat-pellet","8":"first","9":"instock","10":"shipping-taxable","11":"purchasable","12":"product-type-simple"},"jetpack_sharing_enabled":true,"_links":{"self":[{"href":"https:\/\/pronto-pellets.com\/index.php\/wp-json\/wp\/v2\/product\/818","targetHints":{"allow":["GET"]}}],"collection":[{"href":"https:\/\/pronto-pellets.com\/index.php\/wp-json\/wp\/v2\/product"}],"about":[{"href":"https:\/\/pronto-pellets.com\/index.php\/wp-json\/wp\/v2\/types\/product"}],"replies":[{"embeddable":true,"href":"https:\/\/pronto-pellets.com\/index.php\/wp-json\/wp\/v2\/comments?post=818"}],"wp:featuredmedia":[{"embeddable":true,"href":"https:\/\/pronto-pellets.com\/index.php\/wp-json\/wp\/v2\/media\/856"}],"wp:attachment":[{"href":"https:\/\/pronto-pellets.com\/index.php\/wp-json\/wp\/v2\/media?parent=818"}],"wp:term":[{"taxonomy":"product_brand","embeddable":true,"href":"https:\/\/pronto-pellets.com\/index.php\/wp-json\/wp\/v2\/product_brand?post=818"},{"taxonomy":"product_cat","embeddable":true,"href":"https:\/\/pronto-pellets.com\/index.php\/wp-json\/wp\/v2\/product_cat?post=818"},{"taxonomy":"product_tag","embeddable":true,"href":"https:\/\/pronto-pellets.com\/index.php\/wp-json\/wp\/v2\/product_tag?post=818"}],"curies":[{"name":"wp","href":"https:\/\/api.w.org\/{rel}","templated":true}]}}