{"id":820,"date":"2025-07-08T06:30:17","date_gmt":"2025-07-08T04:30:17","guid":{"rendered":"https:\/\/pronto-pellets.com\/?post_type=product&#038;p=820"},"modified":"2026-01-05T19:58:03","modified_gmt":"2026-01-05T18:58:03","slug":"pellet-di-legno-in-sacco-pallet-da-104-sacchi-da-10-kg-bce02","status":"publish","type":"product","link":"https:\/\/pronto-pellets.com\/index.php\/prodotto\/pellet-di-legno-in-sacco-pallet-da-104-sacchi-da-10-kg-bce02\/","title":{"rendered":"Pellet di Legno in Sacco Pallet da 104 Sacchi da 10 Kg BCE02"},"content":{"rendered":"<p><span dir=\"auto\" style=\"vertical-align: inherit;\"><span dir=\"auto\" style=\"vertical-align: inherit;\">Les granul\u00e9s de bois certifi\u00e9s DINplus EO2 se distinguent par leurs performances constantes, saison apr\u00e8s saison, r\u00e9pondant ainsi \u00e0 des exigences tr\u00e8s \u00e9lev\u00e9es. Fabriqu\u00e9s en France \u00e0 partir de r\u00e9sineux, ils constituent une source de chaleur performante et optimisent le rendement de votre syst\u00e8me de chauffage. <\/span><\/span><br \/>\n<span dir=\"auto\" style=\"vertical-align: inherit;\"><span dir=\"auto\" style=\"vertical-align: inherit;\">Nos granul\u00e9s sont livr\u00e9s \u00e0 domicile en sacs de 15 kg sur palettes de 66 sacs, ou en sacs de 10 kg, individuellement ou sur palettes de 104 sacs. <\/span><\/span><br \/>\n<span dir=\"auto\" style=\"vertical-align: inherit;\"><span dir=\"auto\" style=\"vertical-align: inherit;\">Les granul\u00e9s EO2 sont produits \u00e0 partir de bois vierge selon un processus de fabrication rigoureux, ce qui nous permet de vous offrir une qualit\u00e9 sup\u00e9rieure.<\/span><\/span><\/p>\n<div class=\"col-lg-6 col-12 blockFeatures\">\n<p class=\"title-secondary\"><span dir=\"auto\" style=\"vertical-align: inherit;\"><span dir=\"auto\" style=\"vertical-align: inherit;\">Caract\u00e9ristiques<\/span><\/span><\/p>\n<div id=\"product-details\">\n<section class=\"product-features\">\n<ul class=\"data-sheet\">\n<li class=\"d-flex\"><span class=\"label\"><span dir=\"auto\" style=\"vertical-align: inherit;\"><span dir=\"auto\" style=\"vertical-align: inherit;\">Fabrication en <\/span><\/span><\/span><span class=\"value\"><span dir=\"auto\" style=\"vertical-align: inherit;\"><span dir=\"auto\" style=\"vertical-align: inherit;\">\u00a0&#8211; France<\/span><\/span><\/span><\/li>\n<li class=\"d-flex\"><span class=\"label\"><span dir=\"auto\" style=\"vertical-align: inherit;\"><span dir=\"auto\" style=\"vertical-align: inherit;\">Composition\u00a0 <\/span><\/span><\/span><span class=\"value\"><span dir=\"auto\" style=\"vertical-align: inherit;\"><span dir=\"auto\" style=\"vertical-align: inherit;\">dans le bois de conif\u00e8res<\/span><\/span><\/span><\/li>\n<li class=\"d-flex\"><span class=\"label\"><span dir=\"auto\" style=\"vertical-align: inherit;\"><span dir=\"auto\" style=\"vertical-align: inherit;\">Certification\u00a0 <\/span><\/span><\/span><span class=\"value\"><span dir=\"auto\" style=\"vertical-align: inherit;\"><span dir=\"auto\" style=\"vertical-align: inherit;\">DINplus 7A106<\/span><\/span><\/span><\/li>\n<li class=\"d-flex\"><span class=\"label\"><span dir=\"auto\" style=\"vertical-align: inherit;\"><span dir=\"auto\" style=\"vertical-align: inherit;\">Conditionnement :\u00a0 <\/span><\/span><\/span><span class=\"value\"><span dir=\"auto\" style=\"vertical-align: inherit;\"><span dir=\"auto\" style=\"vertical-align: inherit;\">Livr\u00e9 en sacs de 10 \u00e0 15 kg, emball\u00e9s sur palettes<\/span><\/span><\/span><\/li>\n<li class=\"d-flex\"><span class=\"label\"><span dir=\"auto\" style=\"vertical-align: inherit;\"><span dir=\"auto\" style=\"vertical-align: inherit;\">Utilisation de\u00a0 <\/span><\/span><\/span><span class=\"value\"><span dir=\"auto\" style=\"vertical-align: inherit;\"><span dir=\"auto\" style=\"vertical-align: inherit;\">chaudi\u00e8res et de po\u00eales \u00e0 granul\u00e9s<\/span><\/span><\/span><\/li>\n<li class=\"d-flex\"><span class=\"label\"><span dir=\"auto\" style=\"vertical-align: inherit;\"><span dir=\"auto\" style=\"vertical-align: inherit;\">Teneur en humidit\u00e9 (%) <\/span><\/span><\/span><span class=\"value\"><span dir=\"auto\" style=\"vertical-align: inherit;\"><span dir=\"auto\" style=\"vertical-align: inherit;\">\u2264 10<\/span><\/span><\/span><\/li>\n<li class=\"d-flex\"><span class=\"label\"><span dir=\"auto\" style=\"vertical-align: inherit;\"><span dir=\"auto\" style=\"vertical-align: inherit;\">Densit\u00e9 apparente (kg\/m3) <\/span><\/span><\/span><span class=\"value\"><span dir=\"auto\" style=\"vertical-align: inherit;\"><span dir=\"auto\" style=\"vertical-align: inherit;\">\u2265 600<\/span><\/span><\/span><\/li>\n<li class=\"d-flex\"><span class=\"label\"><span dir=\"auto\" style=\"vertical-align: inherit;\"><span dir=\"auto\" style=\"vertical-align: inherit;\">Durabilit\u00e9 m\u00e9canique (% en masse) <\/span><\/span><\/span><span class=\"value\"><span dir=\"auto\" style=\"vertical-align: inherit;\"><span dir=\"auto\" style=\"vertical-align: inherit;\">\u2265 97,5<\/span><\/span><\/span><\/li>\n<li class=\"d-flex\"><span class=\"label\"><span dir=\"auto\" style=\"vertical-align: inherit;\"><span dir=\"auto\" style=\"vertical-align: inherit;\">Longueur* (mm) <\/span><\/span><\/span><span class=\"value\"><span dir=\"auto\" style=\"vertical-align: inherit;\"><span dir=\"auto\" style=\"vertical-align: inherit;\">3,15 \u2264 L \u2264 40<\/span><\/span><\/span><\/li>\n<li class=\"d-flex\"><span class=\"label\"><span dir=\"auto\" style=\"vertical-align: inherit;\"><span dir=\"auto\" style=\"vertical-align: inherit;\">Diam\u00e8tre (mm) <\/span><\/span><\/span><span class=\"value\"><span dir=\"auto\" style=\"vertical-align: inherit;\"><span dir=\"auto\" style=\"vertical-align: inherit;\">6<\/span><\/span><\/span><\/li>\n<li class=\"d-flex\"><span class=\"label\"><span dir=\"auto\" style=\"vertical-align: inherit;\"><span dir=\"auto\" style=\"vertical-align: inherit;\">PCI sur sec (Q) (kWh\/kg)\u00a0 <\/span><\/span><\/span><span class=\"value\"><span dir=\"auto\" style=\"vertical-align: inherit;\"><span dir=\"auto\" style=\"vertical-align: inherit;\">entre 4,6 et 5,3 kWh\/kg<\/span><\/span><\/span><\/li>\n<li class=\"d-flex\"><span class=\"label\"><span dir=\"auto\" style=\"vertical-align: inherit;\"><span dir=\"auto\" style=\"vertical-align: inherit;\">Teneur en cendres \u00e0 550 \u00b0C (% sec) <\/span><\/span><\/span><span class=\"value\"><span dir=\"auto\" style=\"vertical-align: inherit;\"><span dir=\"auto\" style=\"vertical-align: inherit;\">\u2264 0,7<\/span><\/span><\/span><\/li>\n<li class=\"d-flex\"><span class=\"label\"><span dir=\"auto\" style=\"vertical-align: inherit;\"><span dir=\"auto\" style=\"vertical-align: inherit;\">Additifs (%) <\/span><\/span><\/span><span class=\"value\"><span dir=\"auto\" style=\"vertical-align: inherit;\"><span dir=\"auto\" style=\"vertical-align: inherit;\">\u2264 2<\/span><\/span><\/span><\/li>\n<li class=\"d-flex\"><span class=\"label\"><span dir=\"auto\" style=\"vertical-align: inherit;\"><span dir=\"auto\" style=\"vertical-align: inherit;\">Soufre (% sur sec) <\/span><\/span><\/span><span class=\"value\"><span dir=\"auto\" style=\"vertical-align: inherit;\"><span dir=\"auto\" style=\"vertical-align: inherit;\">\u2264 0,03<\/span><\/span><\/span><\/li>\n<li class=\"d-flex\"><span class=\"label\"><span dir=\"auto\" style=\"vertical-align: inherit;\"><span dir=\"auto\" style=\"vertical-align: inherit;\">Azote (% sur sec) <\/span><\/span><\/span><span class=\"value\"><span dir=\"auto\" style=\"vertical-align: inherit;\"><span dir=\"auto\" style=\"vertical-align: inherit;\">\u2264 0,3<\/span><\/span><\/span><\/li>\n<li class=\"d-flex\"><span class=\"label\"><span dir=\"auto\" style=\"vertical-align: inherit;\"><span dir=\"auto\" style=\"vertical-align: inherit;\">Chlore (% sur sec) <\/span><\/span><\/span><span class=\"value\"><span dir=\"auto\" style=\"vertical-align: inherit;\"><span dir=\"auto\" style=\"vertical-align: inherit;\">\u2264 0,02<\/span><\/span><\/span><\/li>\n<\/ul>\n<\/section>\n<\/div>\n<\/div>\n","protected":false},"excerpt":{"rendered":"<p><span dir=\"auto\" style=\"vertical-align: inherit;\"><span dir=\"auto\" style=\"vertical-align: inherit;\">Les granul\u00e9s de bois certifi\u00e9s DINplus EO2 se distinguent par leurs performances constantes, saison apr\u00e8s saison, r\u00e9pondant ainsi \u00e0 des normes tr\u00e8s exigeantes. Fabriqu\u00e9s en France \u00e0 partir de r\u00e9sineux. Utilisez les granul\u00e9s de bois certifi\u00e9s DINplus EO2 pour votre chauffage.<\/span><\/span><\/p>\n","protected":false},"featured_media":858,"comment_status":"open","ping_status":"closed","template":"","meta":[],"product_brand":[],"product_cat":[156],"product_tag":[],"class_list":{"0":"post-820","1":"product","2":"type-product","3":"status-publish","6":"product_cat-pellet","8":"first","9":"instock","10":"sale","11":"shipping-taxable","12":"purchasable","13":"product-type-simple"},"jetpack_sharing_enabled":true,"_links":{"self":[{"href":"https:\/\/pronto-pellets.com\/index.php\/wp-json\/wp\/v2\/product\/820","targetHints":{"allow":["GET"]}}],"collection":[{"href":"https:\/\/pronto-pellets.com\/index.php\/wp-json\/wp\/v2\/product"}],"about":[{"href":"https:\/\/pronto-pellets.com\/index.php\/wp-json\/wp\/v2\/types\/product"}],"replies":[{"embeddable":true,"href":"https:\/\/pronto-pellets.com\/index.php\/wp-json\/wp\/v2\/comments?post=820"}],"wp:featuredmedia":[{"embeddable":true,"href":"https:\/\/pronto-pellets.com\/index.php\/wp-json\/wp\/v2\/media\/858"}],"wp:attachment":[{"href":"https:\/\/pronto-pellets.com\/index.php\/wp-json\/wp\/v2\/media?parent=820"}],"wp:term":[{"taxonomy":"product_brand","embeddable":true,"href":"https:\/\/pronto-pellets.com\/index.php\/wp-json\/wp\/v2\/product_brand?post=820"},{"taxonomy":"product_cat","embeddable":true,"href":"https:\/\/pronto-pellets.com\/index.php\/wp-json\/wp\/v2\/product_cat?post=820"},{"taxonomy":"product_tag","embeddable":true,"href":"https:\/\/pronto-pellets.com\/index.php\/wp-json\/wp\/v2\/product_tag?post=820"}],"curies":[{"name":"wp","href":"https:\/\/api.w.org\/{rel}","templated":true}]}}